{"id":3967,"date":"2026-03-29T09:31:47","date_gmt":"2026-03-29T09:31:47","guid":{"rendered":"https:\/\/nbfengjietools.com\/?post_type=product&#038;p=3967"},"modified":"2026-03-29T09:31:47","modified_gmt":"2026-03-29T09:31:47","slug":"3-4pvc-pipe-reamer-single-blade","status":"publish","type":"product","link":"https:\/\/nbfengjietools.com\/de\/product\/3-4pvc-pipe-reamer-single-blade\/","title":{"rendered":"3\/4 \u201cPVC Pipe Reamer-Einzelblatt\u201c"},"content":{"rendered":"<p>Verschiedene Gr\u00f6\u00dfen erh\u00e4ltlich<br \/>\nWird f\u00fcr den Austausch und die Nachr\u00fcstung von Sanit\u00e4r, Entw\u00e4sserungssystemen verwendet Geeignet f\u00fcr Poolausr\u00fcstung, Whirlpools, K\u00fcchen-\/Badrenovierungen.<\/p>\n<p>&nbsp;<\/p>\n<table>\n<thead>\n<tr>\n<th>Artikel<\/th>\n<th>Spezifikation<\/th>\n<\/tr>\n<\/thead>\n<tbody>\n<tr>\n<td>Material<\/td>\n<td>Aluminiumlegierung, Stahl<\/td>\n<\/tr>\n<tr>\n<td>Gr\u00f6\u00dfen<\/td>\n<td>3\/4 \u201e, 1-1\/2, 2, 3 und 4 \u201e<\/td>\n<\/tr>\n<\/tbody>\n<\/table>","protected":false},"excerpt":{"rendered":"<p>Various sizes available Used for the replacement and retrofitting of plumbing,drainage systems. Suitable for pool equipment,hot tubs,kitchen\/bathroom renovations. &nbsp; Item Specification Material Aluminum alloy, steel Sizes 3\/4&#8243;, 1&#8243;, 1-1\/2&#8243;, 2&#8243;, 3&#8243; and 4&#8243;<\/p>","protected":false},"featured_media":3968,"template":"","meta":[],"product_brand":[],"product_cat":[81],"product_tag":[109],"class_list":{"0":"post-3967","1":"product","2":"type-product","3":"status-publish","4":"has-post-thumbnail","6":"product_cat-household-tools","7":"product_tag-fjhst-3705","9":"first","10":"instock","11":"shipping-taxable","12":"product-type-simple"},"_links":{"self":[{"href":"https:\/\/nbfengjietools.com\/de\/wp-json\/wp\/v2\/product\/3967","targetHints":{"allow":["GET"]}}],"collection":[{"href":"https:\/\/nbfengjietools.com\/de\/wp-json\/wp\/v2\/product"}],"about":[{"href":"https:\/\/nbfengjietools.com\/de\/wp-json\/wp\/v2\/types\/product"}],"wp:featuredmedia":[{"embeddable":true,"href":"https:\/\/nbfengjietools.com\/de\/wp-json\/wp\/v2\/media\/3968"}],"wp:attachment":[{"href":"https:\/\/nbfengjietools.com\/de\/wp-json\/wp\/v2\/media?parent=3967"}],"wp:term":[{"taxonomy":"product_brand","embeddable":true,"href":"https:\/\/nbfengjietools.com\/de\/wp-json\/wp\/v2\/product_brand?post=3967"},{"taxonomy":"product_cat","embeddable":true,"href":"https:\/\/nbfengjietools.com\/de\/wp-json\/wp\/v2\/product_cat?post=3967"},{"taxonomy":"product_tag","embeddable":true,"href":"https:\/\/nbfengjietools.com\/de\/wp-json\/wp\/v2\/product_tag?post=3967"}],"curies":[{"name":"Wp","href":"https:\/\/api.w.org\/{rel}","templated":true}]}}