{"id":3979,"date":"2026-03-29T09:38:24","date_gmt":"2026-03-29T09:38:24","guid":{"rendered":"https:\/\/nbfengjietools.com\/?post_type=product&#038;p=3979"},"modified":"2026-03-29T09:38:24","modified_gmt":"2026-03-29T09:38:24","slug":"pvc-cable-saw","status":"publish","type":"product","link":"https:\/\/nbfengjietools.com\/de\/product\/pvc-cable-saw\/","title":{"rendered":"PVC Kabels\u00e4ge"},"content":{"rendered":"<table style=\"border-collapse: collapse;width: 243.78pt\" border=\"0\" width=\"325\" cellspacing=\"0\" cellpadding=\"0\">\n<tbody>\n<tr style=\"height: 90.00pt\">\n<td class=\"et3\" style=\"height: 90.00pt;width: 243.75pt\" width=\"325\" height=\"120\">Diese Kabels\u00e4ge wurde speziell zum Schneiden von PVC-Rohren entwickelt, die mit einer normalen S\u00e4ge umst\u00e4ndlich oder schwer zu erreichen sind. Sie verf\u00fcgt \u00fcber weiche Vinylgriffe mit Komfortgriff<\/td>\n<\/tr>\n<\/tbody>\n<\/table>\n<p>&nbsp;<\/p>\n<table>\n<thead>\n<tr>\n<th>Artikel<\/th>\n<th>Spezifikation<\/th>\n<\/tr>\n<\/thead>\n<tbody>\n<tr>\n<td>Durchmesser (Dia)<\/td>\n<td>1 mm<\/td>\n<\/tr>\n<tr>\n<td>Material<\/td>\n<td>Edelstahl 304<\/td>\n<\/tr>\n<tr>\n<td>Gesamtl\u00e4nge<\/td>\n<td>87 cm<\/td>\n<\/tr>\n<\/tbody>\n<\/table>","protected":false},"excerpt":{"rendered":"<p>This cable saw is specifically designed to cut PVC pipes that are positioned awkwardly or hard to reach with a normal saw. Itfeatures soft, comfort-grip vinyl handles &nbsp; Item Specification Diameter (Dia) 1 mm Material 304 stainless steel Overall Length 87 cm<\/p>","protected":false},"featured_media":3980,"template":"","meta":[],"product_brand":[],"product_cat":[81],"product_tag":[114],"class_list":{"0":"post-3979","1":"product","2":"type-product","3":"status-publish","4":"has-post-thumbnail","6":"product_cat-household-tools","7":"product_tag-fjhst-375","9":"first","10":"instock","11":"shipping-taxable","12":"product-type-simple"},"_links":{"self":[{"href":"https:\/\/nbfengjietools.com\/de\/wp-json\/wp\/v2\/product\/3979","targetHints":{"allow":["GET"]}}],"collection":[{"href":"https:\/\/nbfengjietools.com\/de\/wp-json\/wp\/v2\/product"}],"about":[{"href":"https:\/\/nbfengjietools.com\/de\/wp-json\/wp\/v2\/types\/product"}],"wp:featuredmedia":[{"embeddable":true,"href":"https:\/\/nbfengjietools.com\/de\/wp-json\/wp\/v2\/media\/3980"}],"wp:attachment":[{"href":"https:\/\/nbfengjietools.com\/de\/wp-json\/wp\/v2\/media?parent=3979"}],"wp:term":[{"taxonomy":"product_brand","embeddable":true,"href":"https:\/\/nbfengjietools.com\/de\/wp-json\/wp\/v2\/product_brand?post=3979"},{"taxonomy":"product_cat","embeddable":true,"href":"https:\/\/nbfengjietools.com\/de\/wp-json\/wp\/v2\/product_cat?post=3979"},{"taxonomy":"product_tag","embeddable":true,"href":"https:\/\/nbfengjietools.com\/de\/wp-json\/wp\/v2\/product_tag?post=3979"}],"curies":[{"name":"Wp","href":"https:\/\/api.w.org\/{rel}","templated":true}]}}