{"id":4169,"date":"2026-03-30T11:44:03","date_gmt":"2026-03-30T11:44:03","guid":{"rendered":"https:\/\/nbfengjietools.com\/?post_type=product&#038;p=4169"},"modified":"2026-03-30T11:45:25","modified_gmt":"2026-03-30T11:45:25","slug":"11pcs-hook-and-pick-tool-kit","status":"publish","type":"product","link":"https:\/\/nbfengjietools.com\/de\/product\/11pcs-hook-and-pick-tool-kit\/","title":{"rendered":"11 St\u00fcck Haken - und Pickwerkzeug-Kit"},"content":{"rendered":"<table style=\"border-collapse: collapse;width: 255.78pt\" border=\"0\" width=\"341\" cellspacing=\"0\" cellpadding=\"0\">\n<tbody>\n<tr style=\"height: 107.00pt\">\n<td class=\"et3\" style=\"height: 107.00pt;width: 255.75pt\" width=\"341\" height=\"142\">11 St\u00fcck Haken - und Pickwerkzeug-Kit<\/td>\n<\/tr>\n<\/tbody>\n<\/table>\n<p>&nbsp;<\/p>\n<table>\n<thead>\n<tr>\n<th>Artikel<\/th>\n<th>Spezifikation<\/th>\n<\/tr>\n<\/thead>\n<tbody>\n<tr>\n<td>Material<\/td>\n<td>Kohlenstoffstahl, PP, TPR<\/td>\n<\/tr>\n<tr>\n<td>Hakenl\u00e4nge<\/td>\n<td>6,5 &amp; 9,4 \u201e<\/td>\n<\/tr>\n<tr>\n<td>Gewicht<\/td>\n<td>490g<\/td>\n<\/tr>\n<tr>\n<td>Inhalt<\/td>\n<td>6 \u00d7 l\u00e4ngeres Haken- und Pfl\u00fcckwerkzeug<\/p>\n<div class=\"container-Uxvbjy md-box-line-break wrapper-GYqxgQ undefined\"><\/div>\n<p>4 \u00d7 Mini Pick and Hook Tool<\/p>\n<div class=\"container-Uxvbjy md-box-line-break wrapper-GYqxgQ undefined\"><\/div>\n<p>1 \u00d7 Magnet-Tonabnehmer-Werkzeug<\/td>\n<\/tr>\n<\/tbody>\n<\/table>","protected":false},"excerpt":{"rendered":"<p>11pcs hook and pick tool kit &nbsp; Item Specification Material Carbon steel, PP, TPR Hook Length 6.5&#8243; &amp; 9.4&#8243; Weight 490g Contents 6 \u00d7 longer hook and pick tool 4 \u00d7 mini pick and hook tool 1 \u00d7 magnetic pick-up tool<\/p>","protected":false},"featured_media":4172,"template":"","meta":[],"product_brand":[],"product_cat":[172],"product_tag":[215],"class_list":{"0":"post-4169","1":"product","2":"type-product","3":"status-publish","4":"has-post-thumbnail","6":"product_cat-pick-hook","7":"product_tag-fj05-022","9":"first","10":"instock","11":"shipping-taxable","12":"product-type-simple"},"_links":{"self":[{"href":"https:\/\/nbfengjietools.com\/de\/wp-json\/wp\/v2\/product\/4169","targetHints":{"allow":["GET"]}}],"collection":[{"href":"https:\/\/nbfengjietools.com\/de\/wp-json\/wp\/v2\/product"}],"about":[{"href":"https:\/\/nbfengjietools.com\/de\/wp-json\/wp\/v2\/types\/product"}],"wp:featuredmedia":[{"embeddable":true,"href":"https:\/\/nbfengjietools.com\/de\/wp-json\/wp\/v2\/media\/4172"}],"wp:attachment":[{"href":"https:\/\/nbfengjietools.com\/de\/wp-json\/wp\/v2\/media?parent=4169"}],"wp:term":[{"taxonomy":"product_brand","embeddable":true,"href":"https:\/\/nbfengjietools.com\/de\/wp-json\/wp\/v2\/product_brand?post=4169"},{"taxonomy":"product_cat","embeddable":true,"href":"https:\/\/nbfengjietools.com\/de\/wp-json\/wp\/v2\/product_cat?post=4169"},{"taxonomy":"product_tag","embeddable":true,"href":"https:\/\/nbfengjietools.com\/de\/wp-json\/wp\/v2\/product_tag?post=4169"}],"curies":[{"name":"Wp","href":"https:\/\/api.w.org\/{rel}","templated":true}]}}