{"id":4477,"date":"2026-04-01T15:22:35","date_gmt":"2026-04-01T15:22:35","guid":{"rendered":"https:\/\/nbfengjietools.com\/?post_type=product&#038;p=4477"},"modified":"2026-04-01T15:22:35","modified_gmt":"2026-04-01T15:22:35","slug":"steel-brake-lining-thickness-gauge","status":"publish","type":"product","link":"https:\/\/nbfengjietools.com\/de\/product\/steel-brake-lining-thickness-gauge\/","title":{"rendered":"Dickenmessger\u00e4t f\u00fcr Stahlbremsbel\u00e4ge"},"content":{"rendered":"<table style=\"border-collapse: collapse;width: 255.78pt\" border=\"0\" width=\"341\" cellspacing=\"0\" cellpadding=\"0\">\n<tbody>\n<tr style=\"height: 162.00pt\">\n<td class=\"et3\" style=\"height: 162.00pt;width: 255.75pt\" width=\"341\" height=\"216\">Dickenmessger\u00e4t f\u00fcr Stahlbremsbel\u00e4ge<\/td>\n<\/tr>\n<\/tbody>\n<\/table>\n<p>&nbsp;<\/p>\n<table>\n<thead>\n<tr>\n<th>Artikel<\/th>\n<th>Spezifikation<\/th>\n<\/tr>\n<\/thead>\n<tbody>\n<tr>\n<td>Material<\/td>\n<td>Stahl<\/td>\n<\/tr>\n<tr>\n<td>Gewicht<\/td>\n<td>220.5 g<\/p>\n<div class=\"container-Uxvbjy md-box-line-break wrapper-GYqxgQ undefined\"><\/div>\n<p>249 g (with packaging)<\/td>\n<\/tr>\n<tr>\n<td>Metrisch<\/td>\n<td>Gr\u00fcn: 8, 10, 12 mm<\/p>\n<div class=\"container-Uxvbjy md-box-line-break wrapper-GYqxgQ undefined\"><\/div>\n<p>Gelb: 4, 5, 6 mm<\/p>\n<div class=\"container-Uxvbjy md-box-line-break wrapper-GYqxgQ undefined\"><\/div>\n<p>Rot: 2, 3 mm<\/td>\n<\/tr>\n<tr>\n<td>SAE<\/td>\n<td>Gr\u00fcn: 0,315 0,4720 Zoll<\/p>\n<div class=\"container-Uxvbjy md-box-line-break wrapper-GYqxgQ undefined\"><\/div>\n<p>Gelb: 0,157 5 0,2382 Zoll<\/p>\n<div class=\"container-Uxvbjy md-box-line-break wrapper-GYqxgQ undefined\"><\/div>\n<p>Rot: 0,078 70,1181 Zoll<\/td>\n<\/tr>\n<\/tbody>\n<\/table>","protected":false},"excerpt":{"rendered":"<p>Steel Brake Lining Thickness gauge &nbsp; Item Specification Material Steel Weight 220.5 g 249 g (with packaging) Metric Green: 8, 10, 12 mm Yellow: 4, 5, 6 mm Red: 2, 3 mm SAE Green: 0.3150\u20130.4720 Inch Yellow: 0.1575\u20130.2382 Inch Red: 0.0787\u20130.1181 Inch<\/p>","protected":false},"featured_media":4478,"template":"","meta":[],"product_brand":[],"product_cat":[37],"product_tag":[356],"class_list":{"0":"post-4477","1":"product","2":"type-product","3":"status-publish","4":"has-post-thumbnail","6":"product_cat-brake-tools","7":"product_tag-fj03-007b","9":"first","10":"instock","11":"shipping-taxable","12":"product-type-simple"},"_links":{"self":[{"href":"https:\/\/nbfengjietools.com\/de\/wp-json\/wp\/v2\/product\/4477","targetHints":{"allow":["GET"]}}],"collection":[{"href":"https:\/\/nbfengjietools.com\/de\/wp-json\/wp\/v2\/product"}],"about":[{"href":"https:\/\/nbfengjietools.com\/de\/wp-json\/wp\/v2\/types\/product"}],"wp:featuredmedia":[{"embeddable":true,"href":"https:\/\/nbfengjietools.com\/de\/wp-json\/wp\/v2\/media\/4478"}],"wp:attachment":[{"href":"https:\/\/nbfengjietools.com\/de\/wp-json\/wp\/v2\/media?parent=4477"}],"wp:term":[{"taxonomy":"product_brand","embeddable":true,"href":"https:\/\/nbfengjietools.com\/de\/wp-json\/wp\/v2\/product_brand?post=4477"},{"taxonomy":"product_cat","embeddable":true,"href":"https:\/\/nbfengjietools.com\/de\/wp-json\/wp\/v2\/product_cat?post=4477"},{"taxonomy":"product_tag","embeddable":true,"href":"https:\/\/nbfengjietools.com\/de\/wp-json\/wp\/v2\/product_tag?post=4477"}],"curies":[{"name":"Wp","href":"https:\/\/api.w.org\/{rel}","templated":true}]}}