{"id":4711,"date":"2026-04-01T18:29:40","date_gmt":"2026-04-01T18:29:40","guid":{"rendered":"https:\/\/nbfengjietools.com\/?post_type=product&#038;p=4711"},"modified":"2026-04-24T07:50:44","modified_gmt":"2026-04-24T07:50:44","slug":"17pc-tu-15b-diesel-engine-compression-test-set","status":"publish","type":"product","link":"https:\/\/nbfengjietools.com\/de\/product\/17pc-tu-15b-diesel-engine-compression-test-set\/","title":{"rendered":"17 PC TU-15 B Dieselmotor Kompression Test Set"},"content":{"rendered":"<table style=\"border-collapse: collapse; width: 255.78pt;\" border=\"0\" width=\"341\" cellspacing=\"0\" cellpadding=\"0\">\n<tbody>\n<tr style=\"height: 228.00pt;\">\n<td class=\"et3\" style=\"height: 228.00pt; width: 255.75pt;\" width=\"341\" height=\"304\">\n<h2>17 PC TU-15 B Dieselmotor Kompression Test Set<\/h2>\n<\/td>\n<\/tr>\n<\/tbody>\n<\/table>\n<table>\n<thead>\n<tr>\n<th>Artikel<\/th>\n<th>Spezifikation<\/th>\n<\/tr>\n<\/thead>\n<tbody>\n<tr>\n<td>Messger\u00e4t<\/td>\n<td>0 1000 PSI \/ BAR-Lesungen<\/td>\n<\/tr>\n<tr>\n<td>Ventil<\/td>\n<td>Schnellspann-Druckknopfventil<\/td>\n<\/tr>\n<tr>\n<td>Schlauch<\/td>\n<td>Flexibler Schlauch + 14 Adapter<\/td>\n<\/tr>\n<tr>\n<td>Gl\u00fchstopfenadapter<\/td>\n<td>M10\u00d71.0: 83, 91, 102, 113, 119 mm<\/p>\n<div class=\"container-Uxvbjy md-box-line-break wrapper-GYqxgQ undefined\"><\/div>\n<p>M10\u00d71.25: 64, 135 mm<\/p>\n<div class=\"container-Uxvbjy md-box-line-break wrapper-GYqxgQ undefined\"><\/div>\n<p>M12\u00d71.25: 47 mm<\/p>\n<div class=\"container-Uxvbjy md-box-line-break wrapper-GYqxgQ undefined\"><\/div>\n<p>M22\u00d71.5: 118 mm<\/td>\n<\/tr>\n<tr>\n<td>Injektoradapter<\/td>\n<td>M20\u00d71.5: 75 mm<\/p>\n<div class=\"container-Uxvbjy md-box-line-break wrapper-GYqxgQ undefined\"><\/div>\n<p>M22\u00d71.5: 73 mm<\/p>\n<div class=\"container-Uxvbjy md-box-line-break wrapper-GYqxgQ undefined\"><\/div>\n<p>M24\u00d71.5: 88 mm<\/p>\n<div class=\"container-Uxvbjy md-box-line-break wrapper-GYqxgQ undefined\"><\/div>\n<p>M24\u00d72: 63 mm<\/td>\n<\/tr>\n<tr>\n<td>Druckbereich<\/td>\n<td>Bis zu 70 bar<\/td>\n<\/tr>\n<\/tbody>\n<\/table>","protected":false},"excerpt":{"rendered":"<p>17PC TU-15B Diesel Engine Compression Test Set Item Specification Gauge 0\u20131000 PSI \/ BAR readings Valve Quick release push button valve Hose Flexible hose + 14 adapters Glow Plug Adapters M10\u00d71.0: 83, 91, 102, 113, 119 mm M10\u00d71.25: 64, 135 mm M12\u00d71.25: 47 mm M22\u00d71.5: 118 mm Injector Adapters M20\u00d71.5: 75 mm M22\u00d71.5: 73 mm [&hellip;]<\/p>\n","protected":false},"featured_media":4712,"template":"","meta":[],"product_brand":[],"product_cat":[49],"product_tag":[482],"class_list":{"0":"post-4711","1":"product","2":"type-product","3":"status-publish","4":"has-post-thumbnail","6":"product_cat-testing-tool","7":"product_tag-fjeg-s06","9":"first","10":"instock","11":"shipping-taxable","12":"product-type-simple"},"_links":{"self":[{"href":"https:\/\/nbfengjietools.com\/de\/wp-json\/wp\/v2\/product\/4711","targetHints":{"allow":["GET"]}}],"collection":[{"href":"https:\/\/nbfengjietools.com\/de\/wp-json\/wp\/v2\/product"}],"about":[{"href":"https:\/\/nbfengjietools.com\/de\/wp-json\/wp\/v2\/types\/product"}],"wp:featuredmedia":[{"embeddable":true,"href":"https:\/\/nbfengjietools.com\/de\/wp-json\/wp\/v2\/media\/4712"}],"wp:attachment":[{"href":"https:\/\/nbfengjietools.com\/de\/wp-json\/wp\/v2\/media?parent=4711"}],"wp:term":[{"taxonomy":"product_brand","embeddable":true,"href":"https:\/\/nbfengjietools.com\/de\/wp-json\/wp\/v2\/product_brand?post=4711"},{"taxonomy":"product_cat","embeddable":true,"href":"https:\/\/nbfengjietools.com\/de\/wp-json\/wp\/v2\/product_cat?post=4711"},{"taxonomy":"product_tag","embeddable":true,"href":"https:\/\/nbfengjietools.com\/de\/wp-json\/wp\/v2\/product_tag?post=4711"}],"curies":[{"name":"Wp","href":"https:\/\/api.w.org\/{rel}","templated":true}]}}