{"id":523,"date":"2026-02-13T00:26:46","date_gmt":"2026-02-13T00:26:46","guid":{"rendered":"https:\/\/nbfengjietools.com\/?post_type=product&#038;p=523"},"modified":"2026-02-13T00:29:40","modified_gmt":"2026-02-13T00:29:40","slug":"automotive-circuit-tester-2","status":"publish","type":"product","link":"https:\/\/nbfengjietools.com\/de\/product\/automotive-circuit-tester-2\/","title":{"rendered":"Kfz-Kreistest B"},"content":{"rendered":"<table class=\"spec-responsive-table\">\n<tbody>\n<tr>\n<th>Spannung<\/th>\n<td>6 12 V<\/td>\n<\/tr>\n<tr>\n<th>Griffmaterial<\/th>\n<td>AS + PP<\/td>\n<\/tr>\n<tr>\n<th>Sondenmaterial<\/th>\n<td>A3 Stahl<\/td>\n<\/tr>\n<tr>\n<th>Drahtl\u00e4nge<\/th>\n<td>0,75 m<\/td>\n<\/tr>\n<tr>\n<th>Drahtmaterial<\/th>\n<td>PVC<\/td>\n<\/tr>\n<tr>\n<th>Drahtdurchmesser<\/th>\n<td>1,8 mm<\/td>\n<\/tr>\n<tr>\n<th>Drahtlehre<\/th>\n<td>16 \u00d7 0,1 mm<\/td>\n<\/tr>\n<\/tbody>\n<\/table>\n<p>&nbsp;<\/p>","protected":false},"excerpt":{"rendered":"<p>Spannung 6 \u2013 612 V Griffmaterial AS + PP Sondenmaterial A3 Stahldrahtl\u00e4nge 0,75 m Drahtmaterial PVC Drahtdurchmesser 1,8 mm Drahtst\u00e4rke 16 \u00d7 0,1 mm &nbsp;<\/p>","protected":false},"featured_media":524,"template":"","meta":[],"product_brand":[],"product_cat":[49,23],"product_tag":[51],"class_list":{"0":"post-523","1":"product","2":"type-product","3":"status-publish","4":"has-post-thumbnail","6":"product_cat-testing-tool","7":"product_cat-vehicles-tools","8":"product_tag-fj06-0321","10":"first","11":"instock","12":"shipping-taxable","13":"product-type-simple"},"_links":{"self":[{"href":"https:\/\/nbfengjietools.com\/de\/wp-json\/wp\/v2\/product\/523","targetHints":{"allow":["GET"]}}],"collection":[{"href":"https:\/\/nbfengjietools.com\/de\/wp-json\/wp\/v2\/product"}],"about":[{"href":"https:\/\/nbfengjietools.com\/de\/wp-json\/wp\/v2\/types\/product"}],"wp:featuredmedia":[{"embeddable":true,"href":"https:\/\/nbfengjietools.com\/de\/wp-json\/wp\/v2\/media\/524"}],"wp:attachment":[{"href":"https:\/\/nbfengjietools.com\/de\/wp-json\/wp\/v2\/media?parent=523"}],"wp:term":[{"taxonomy":"product_brand","embeddable":true,"href":"https:\/\/nbfengjietools.com\/de\/wp-json\/wp\/v2\/product_brand?post=523"},{"taxonomy":"product_cat","embeddable":true,"href":"https:\/\/nbfengjietools.com\/de\/wp-json\/wp\/v2\/product_cat?post=523"},{"taxonomy":"product_tag","embeddable":true,"href":"https:\/\/nbfengjietools.com\/de\/wp-json\/wp\/v2\/product_tag?post=523"}],"curies":[{"name":"Wp","href":"https:\/\/api.w.org\/{rel}","templated":true}]}}