{"id":3965,"date":"2026-03-29T09:27:00","date_gmt":"2026-03-29T09:27:00","guid":{"rendered":"https:\/\/nbfengjietools.com\/?post_type=product&#038;p=3965"},"modified":"2026-04-25T03:20:37","modified_gmt":"2026-04-25T03:20:37","slug":"water-meter-valve-wrench","status":"publish","type":"product","link":"https:\/\/nbfengjietools.com\/es\/product\/water-meter-valve-wrench\/","title":{"rendered":"Llave de v\u00e1lvula medidora de agua"},"content":{"rendered":"<h2>Llave de v\u00e1lvula medidora de agua<\/h2>\n<table style=\"border-collapse: collapse; width: 243.78pt;\" border=\"0\" width=\"325\" cellspacing=\"0\" cellpadding=\"0\">\n<tbody>\n<tr style=\"height: 90.00pt;\">\n<td class=\"et3\" style=\"height: 90.00pt; width: 243.75pt;\" width=\"325\" height=\"120\">Se utiliza para abrir y cerrar f\u00e1cilmente v\u00e1lvulas de cierre de v\u00e1lvulas de bordillo subterr\u00e1neas, medidores de agua, medidores de agua principales de bordillo y m\u00e1s<br \/>\n4 era una llave de servicio multifuncional adecuada para agua, electricidad, gas, gabinete, ascensor y otros<\/td>\n<\/tr>\n<\/tbody>\n<\/table>\n<p>&nbsp;<\/p>\n<table>\n<thead>\n<tr>\n<th>Art\u00edculo<\/th>\n<th>Especificaci\u00f3n<\/th>\n<\/tr>\n<\/thead>\n<tbody>\n<tr>\n<td>Material<\/td>\n<td>Barra de refuerzo+PVC<\/td>\n<\/tr>\n<tr>\n<td>Di\u00e1metro (D\u00eda)<\/td>\n<td>10mm, 12mm, 16mm<\/td>\n<\/tr>\n<tr>\n<td>Longitud<\/td>\n<td>12\u00ae, 28\u00ae, 36\u00ae, 60\u00ae<\/td>\n<\/tr>\n<tr>\n<td>Nota<\/td>\n<td>Hay tama\u00f1os personalizados disponibles<\/td>\n<\/tr>\n<\/tbody>\n<\/table>","protected":false},"excerpt":{"rendered":"<p>Water Meter Valve Wrench Used for easily open and close underground curb valves shutoff valves,water meter,curb main water meter and more 4 was multi functional utility key is suitable for water,electricity, gas,cabinet,elevator and others &nbsp; Item Specification Material Rebar+PVC Diameter (Dia) 10mm, 12mm, 16mm Length 12&#8243;, 28&#8243;, 36&#8243;, 60&#8243; Note Customized sizes are available<\/p>","protected":false},"featured_media":3966,"template":"","meta":[],"product_brand":[],"product_cat":[81,94],"product_tag":[108],"class_list":{"0":"post-3965","1":"product","2":"type-product","3":"status-publish","4":"has-post-thumbnail","6":"product_cat-household-tools","7":"product_cat-valve-wrench","8":"product_tag-fj-351","10":"first","11":"instock","12":"shipping-taxable","13":"product-type-simple"},"_links":{"self":[{"href":"https:\/\/nbfengjietools.com\/es\/wp-json\/wp\/v2\/product\/3965","targetHints":{"allow":["GET"]}}],"collection":[{"href":"https:\/\/nbfengjietools.com\/es\/wp-json\/wp\/v2\/product"}],"about":[{"href":"https:\/\/nbfengjietools.com\/es\/wp-json\/wp\/v2\/types\/product"}],"wp:featuredmedia":[{"embeddable":true,"href":"https:\/\/nbfengjietools.com\/es\/wp-json\/wp\/v2\/media\/3966"}],"wp:attachment":[{"href":"https:\/\/nbfengjietools.com\/es\/wp-json\/wp\/v2\/media?parent=3965"}],"wp:term":[{"taxonomy":"product_brand","embeddable":true,"href":"https:\/\/nbfengjietools.com\/es\/wp-json\/wp\/v2\/product_brand?post=3965"},{"taxonomy":"product_cat","embeddable":true,"href":"https:\/\/nbfengjietools.com\/es\/wp-json\/wp\/v2\/product_cat?post=3965"},{"taxonomy":"product_tag","embeddable":true,"href":"https:\/\/nbfengjietools.com\/es\/wp-json\/wp\/v2\/product_tag?post=3965"}],"curies":[{"name":"wp","href":"https:\/\/api.w.org\/{rel}","templated":true}]}}