{"id":3981,"date":"2026-03-29T09:41:01","date_gmt":"2026-03-29T09:41:01","guid":{"rendered":"https:\/\/nbfengjietools.com\/?post_type=product&#038;p=3981"},"modified":"2026-03-29T09:41:01","modified_gmt":"2026-03-29T09:41:01","slug":"4-way-sillcock-key","status":"publish","type":"product","link":"https:\/\/nbfengjietools.com\/es\/product\/4-way-sillcock-key\/","title":{"rendered":"Llave Sillcock de 4 v\u00edas"},"content":{"rendered":"<table style=\"border-collapse: collapse;width: 243.78pt\" border=\"0\" width=\"325\" cellspacing=\"0\" cellpadding=\"0\">\n<tbody>\n<tr style=\"height: 90.00pt\">\n<td class=\"et3\" style=\"height: 90.00pt;width: 243.75pt\" width=\"325\" height=\"120\">Las llaves de 4 v\u00edas est\u00e1n dise\u00f1adas en forma de cruce, compatibles con v\u00e1stagos de 1\/4 de pulgada, 9\/32 de pulgada, 5\/16 de pulgada, 11\/32 de pulgada, lo que garantiza un ajuste perfecto para una amplia gama de grifos y v\u00e1lvulas de agua.<\/td>\n<\/tr>\n<\/tbody>\n<\/table>\n<p>&nbsp;<\/p>\n<table>\n<thead>\n<tr>\n<th>Art\u00edculo<\/th>\n<th>Especificaci\u00f3n<\/th>\n<\/tr>\n<\/thead>\n<tbody>\n<tr>\n<td>Material<\/td>\n<td>40 Cr<\/td>\n<\/tr>\n<tr>\n<td>Tratamiento superficial<\/td>\n<td>Revestimiento de zinc<\/td>\n<\/tr>\n<tr>\n<td>Tama\u00f1o<\/td>\n<td>1\/4\u00ae, 9\/32\u00ae, 5\/16\u00ae, 11\/32\u00ae<\/td>\n<\/tr>\n<\/tbody>\n<\/table>","protected":false},"excerpt":{"rendered":"<p>4-way keys are designed in the crossing shape, compatible with stems in 1\/4inch, 9\/32inch,5\/16inch, 11\/32inch, ensuring a perfect fit for a wide range of water tapsand valves. &nbsp; Item Specification Material 40 Cr Surface Treatment Zinc coated Size 1\/4&#8243;, 9\/32&#8243;, 5\/16&#8243;, 11\/32&#8243;<\/p>","protected":false},"featured_media":3982,"template":"","meta":[],"product_brand":[],"product_cat":[81],"product_tag":[115],"class_list":{"0":"post-3981","1":"product","2":"type-product","3":"status-publish","4":"has-post-thumbnail","6":"product_cat-household-tools","7":"product_tag-fjhst-376","9":"first","10":"instock","11":"shipping-taxable","12":"product-type-simple"},"_links":{"self":[{"href":"https:\/\/nbfengjietools.com\/es\/wp-json\/wp\/v2\/product\/3981","targetHints":{"allow":["GET"]}}],"collection":[{"href":"https:\/\/nbfengjietools.com\/es\/wp-json\/wp\/v2\/product"}],"about":[{"href":"https:\/\/nbfengjietools.com\/es\/wp-json\/wp\/v2\/types\/product"}],"wp:featuredmedia":[{"embeddable":true,"href":"https:\/\/nbfengjietools.com\/es\/wp-json\/wp\/v2\/media\/3982"}],"wp:attachment":[{"href":"https:\/\/nbfengjietools.com\/es\/wp-json\/wp\/v2\/media?parent=3981"}],"wp:term":[{"taxonomy":"product_brand","embeddable":true,"href":"https:\/\/nbfengjietools.com\/es\/wp-json\/wp\/v2\/product_brand?post=3981"},{"taxonomy":"product_cat","embeddable":true,"href":"https:\/\/nbfengjietools.com\/es\/wp-json\/wp\/v2\/product_cat?post=3981"},{"taxonomy":"product_tag","embeddable":true,"href":"https:\/\/nbfengjietools.com\/es\/wp-json\/wp\/v2\/product_tag?post=3981"}],"curies":[{"name":"wp","href":"https:\/\/api.w.org\/{rel}","templated":true}]}}