{"id":3997,"date":"2026-03-29T10:00:14","date_gmt":"2026-03-29T10:00:14","guid":{"rendered":"https:\/\/nbfengjietools.com\/?post_type=product&#038;p=3997"},"modified":"2026-03-29T10:00:14","modified_gmt":"2026-03-29T10:00:14","slug":"1lb-magnetic-pick-up-tool-2","status":"publish","type":"product","link":"https:\/\/nbfengjietools.com\/es\/product\/1lb-magnetic-pick-up-tool-2\/","title":{"rendered":"Herramienta de recogida magn\u00e9tica de 1 LIB"},"content":{"rendered":"<table style=\"border-collapse: collapse;width: 315.77pt\" border=\"0\" width=\"421\" cellspacing=\"0\" cellpadding=\"0\">\n<tbody>\n<tr style=\"height: 69.00pt\">\n<td class=\"et3\" style=\"height: 69.00pt;width: 315.75pt\" width=\"421\" height=\"92\">La recuperaci\u00f3n dej\u00f3 caer nueces y otros metales<br \/>\nEl clip de bolsillo Pentype lo mantiene pr\u00e1ctico y seguro.<\/td>\n<\/tr>\n<\/tbody>\n<\/table>\n<p>&nbsp;<\/p>\n<table>\n<thead>\n<tr>\n<th>Art\u00edculo<\/th>\n<th>Especificaci\u00f3n<\/th>\n<\/tr>\n<\/thead>\n<tbody>\n<tr>\n<td>Longitud telesc\u00f3pica<\/td>\n<td>11,5-49,7 cm<\/td>\n<\/tr>\n<\/tbody>\n<\/table>","protected":false},"excerpt":{"rendered":"<p>Las tuercas ca\u00eddas de recuperaci\u00f3n y otros clips de bolsillo met\u00e1licos Pentype lo mantienen pr\u00e1ctico y seguro. Especificaci\u00f3n del art\u00edculo Longitud telesc\u00f3pica 11,5-49,7 cm<\/p>","protected":false},"featured_media":3998,"template":"","meta":[],"product_brand":[],"product_cat":[65],"product_tag":[66],"class_list":{"0":"post-3997","1":"product","2":"type-product","3":"status-publish","4":"has-post-thumbnail","6":"product_cat-magnetic-tool","7":"product_tag-fjpt-001","9":"first","10":"instock","11":"shipping-taxable","12":"product-type-simple"},"_links":{"self":[{"href":"https:\/\/nbfengjietools.com\/es\/wp-json\/wp\/v2\/product\/3997","targetHints":{"allow":["GET"]}}],"collection":[{"href":"https:\/\/nbfengjietools.com\/es\/wp-json\/wp\/v2\/product"}],"about":[{"href":"https:\/\/nbfengjietools.com\/es\/wp-json\/wp\/v2\/types\/product"}],"wp:featuredmedia":[{"embeddable":true,"href":"https:\/\/nbfengjietools.com\/es\/wp-json\/wp\/v2\/media\/3998"}],"wp:attachment":[{"href":"https:\/\/nbfengjietools.com\/es\/wp-json\/wp\/v2\/media?parent=3997"}],"wp:term":[{"taxonomy":"product_brand","embeddable":true,"href":"https:\/\/nbfengjietools.com\/es\/wp-json\/wp\/v2\/product_brand?post=3997"},{"taxonomy":"product_cat","embeddable":true,"href":"https:\/\/nbfengjietools.com\/es\/wp-json\/wp\/v2\/product_cat?post=3997"},{"taxonomy":"product_tag","embeddable":true,"href":"https:\/\/nbfengjietools.com\/es\/wp-json\/wp\/v2\/product_tag?post=3997"}],"curies":[{"name":"wp","href":"https:\/\/api.w.org\/{rel}","templated":true}]}}