{"id":4024,"date":"2026-03-29T10:21:07","date_gmt":"2026-03-29T10:21:07","guid":{"rendered":"https:\/\/nbfengjietools.com\/?post_type=product&#038;p=4024"},"modified":"2026-03-29T10:21:07","modified_gmt":"2026-03-29T10:21:07","slug":"15lb-telescopic-magnetic-pick-up-tool","status":"publish","type":"product","link":"https:\/\/nbfengjietools.com\/es\/product\/15lb-telescopic-magnetic-pick-up-tool\/","title":{"rendered":"Herramienta de recogida magn\u00e9tica telesc\u00f3pica de 15 LB"},"content":{"rendered":"<table style=\"border-collapse: collapse;width: 262.52pt\" border=\"0\" width=\"350\" cellspacing=\"0\" cellpadding=\"0\">\n<tbody>\n<tr style=\"height: 77.00pt\">\n<td class=\"et3\" style=\"height: 77.00pt;width: 262.50pt\" width=\"350\" height=\"102\">Herramienta de recogida magn\u00e9tica telesc\u00f3pica de 15 LB<\/td>\n<\/tr>\n<\/tbody>\n<\/table>\n<p>&nbsp;<\/p>\n<table>\n<thead>\n<tr>\n<th>Art\u00edculo<\/th>\n<th>Especificaci\u00f3n<\/th>\n<\/tr>\n<\/thead>\n<tbody>\n<tr>\n<td>Secciones<\/td>\n<td>6 secciones<\/td>\n<\/tr>\n<tr>\n<td>Longitud telesc\u00f3pica<\/td>\n<td>18-78 cm<\/td>\n<\/tr>\n<tr>\n<td>Peso<\/td>\n<td>84,7 g<\/td>\n<\/tr>\n<tr>\n<td>Di\u00e1metro del im\u00e1n<\/td>\n<td>2 cm<\/td>\n<\/tr>\n<\/tbody>\n<\/table>","protected":false},"excerpt":{"rendered":"<p>Herramienta de recogida magn\u00e9tica telesc\u00f3pica de 15 LB Art\u00edculo Especificaci\u00f3n Secciones 6 secciones Longitud telesc\u00f3pica 18-78 cm Peso 84,7 g Di\u00e1metro del im\u00e1n 2 cm<\/p>","protected":false},"featured_media":4025,"template":"","meta":[],"product_brand":[],"product_cat":[15],"product_tag":[135],"class_list":{"0":"post-4024","1":"product","2":"type-product","3":"status-publish","4":"has-post-thumbnail","6":"product_cat-uncategorized","7":"product_tag-fjpt-015","9":"first","10":"instock","11":"shipping-taxable","12":"product-type-simple"},"_links":{"self":[{"href":"https:\/\/nbfengjietools.com\/es\/wp-json\/wp\/v2\/product\/4024","targetHints":{"allow":["GET"]}}],"collection":[{"href":"https:\/\/nbfengjietools.com\/es\/wp-json\/wp\/v2\/product"}],"about":[{"href":"https:\/\/nbfengjietools.com\/es\/wp-json\/wp\/v2\/types\/product"}],"wp:featuredmedia":[{"embeddable":true,"href":"https:\/\/nbfengjietools.com\/es\/wp-json\/wp\/v2\/media\/4025"}],"wp:attachment":[{"href":"https:\/\/nbfengjietools.com\/es\/wp-json\/wp\/v2\/media?parent=4024"}],"wp:term":[{"taxonomy":"product_brand","embeddable":true,"href":"https:\/\/nbfengjietools.com\/es\/wp-json\/wp\/v2\/product_brand?post=4024"},{"taxonomy":"product_cat","embeddable":true,"href":"https:\/\/nbfengjietools.com\/es\/wp-json\/wp\/v2\/product_cat?post=4024"},{"taxonomy":"product_tag","embeddable":true,"href":"https:\/\/nbfengjietools.com\/es\/wp-json\/wp\/v2\/product_tag?post=4024"}],"curies":[{"name":"wp","href":"https:\/\/api.w.org\/{rel}","templated":true}]}}