{"id":4147,"date":"2026-03-30T08:54:53","date_gmt":"2026-03-30T08:54:53","guid":{"rendered":"https:\/\/nbfengjietools.com\/?post_type=product&#038;p=4147"},"modified":"2026-03-30T08:54:53","modified_gmt":"2026-03-30T08:54:53","slug":"2pcs-mini-pick-and-hook-set","status":"publish","type":"product","link":"https:\/\/nbfengjietools.com\/es\/product\/2pcs-mini-pick-and-hook-set\/","title":{"rendered":"Juego de mini p\u00faas y ganchos de 2 piezas"},"content":{"rendered":"<table width=\"341\">\n<tbody>\n<tr>\n<td width=\"341\">Juego de mini p\u00faas y ganchos de 2 piezas<\/td>\n<\/tr>\n<\/tbody>\n<\/table>\n<p>&nbsp;<\/p>\n<table style=\"border-collapse: collapse;width: 348.77pt\" border=\"0\" width=\"465\" cellspacing=\"0\" cellpadding=\"0\">\n<tbody>\n<tr style=\"height: 90.00pt\">\n<td class=\"et3\" style=\"height: 90.00pt;width: 348.75pt\" width=\"465\" height=\"120\">* El juego de dos piezas incluye mango de aluminio moleteado para un agarre seguro.<br \/>\n* Tambi\u00e9n incluye las siguientes p\u00faas de acero con alto contenido de carbono tratadas t\u00e9rmicamente: junta t\u00f3rica de 90\u00b0, recta y gancho.<br \/>\n* Utilice p\u00faas para tirar de juntas t\u00f3ricas, sellos, chavetas y cepillos de forma r\u00e1pida y sencilla.<\/td>\n<\/tr>\n<\/tbody>\n<\/table>\n<p>&nbsp;<\/p>\n<table>\n<thead>\n<tr>\n<th>Art\u00edculo<\/th>\n<th>Especificaci\u00f3n<\/th>\n<\/tr>\n<\/thead>\n<tbody>\n<tr>\n<td>Material<\/td>\n<td>Aleaci\u00f3n de aluminio, acero<\/td>\n<\/tr>\n<tr>\n<td>Peso<\/td>\n<td>41g<\/td>\n<\/tr>\n<\/tbody>\n<\/table>","protected":false},"excerpt":{"rendered":"<p>2pcs Mini pick and hook set &nbsp; * Two-piece set includes alumunum handle knurled for a sure grip. * It also includes the following heat-treated high carbon steel picks :O-ring.90\u00b0\uff0cstraight and hook. * Use picks to pull O-ring, seals,cotterpins and brushes quickly and easily. &nbsp; Item Specification Material Aluminum alloy, steel Weight 41g<\/p>","protected":false},"featured_media":4148,"template":"","meta":[],"product_brand":[],"product_cat":[172],"product_tag":[205],"class_list":{"0":"post-4147","1":"product","2":"type-product","3":"status-publish","4":"has-post-thumbnail","6":"product_cat-pick-hook","7":"product_tag-fj05-009","9":"first","10":"instock","11":"shipping-taxable","12":"product-type-simple"},"_links":{"self":[{"href":"https:\/\/nbfengjietools.com\/es\/wp-json\/wp\/v2\/product\/4147","targetHints":{"allow":["GET"]}}],"collection":[{"href":"https:\/\/nbfengjietools.com\/es\/wp-json\/wp\/v2\/product"}],"about":[{"href":"https:\/\/nbfengjietools.com\/es\/wp-json\/wp\/v2\/types\/product"}],"wp:featuredmedia":[{"embeddable":true,"href":"https:\/\/nbfengjietools.com\/es\/wp-json\/wp\/v2\/media\/4148"}],"wp:attachment":[{"href":"https:\/\/nbfengjietools.com\/es\/wp-json\/wp\/v2\/media?parent=4147"}],"wp:term":[{"taxonomy":"product_brand","embeddable":true,"href":"https:\/\/nbfengjietools.com\/es\/wp-json\/wp\/v2\/product_brand?post=4147"},{"taxonomy":"product_cat","embeddable":true,"href":"https:\/\/nbfengjietools.com\/es\/wp-json\/wp\/v2\/product_cat?post=4147"},{"taxonomy":"product_tag","embeddable":true,"href":"https:\/\/nbfengjietools.com\/es\/wp-json\/wp\/v2\/product_tag?post=4147"}],"curies":[{"name":"wp","href":"https:\/\/api.w.org\/{rel}","templated":true}]}}