{"id":4165,"date":"2026-03-30T11:42:58","date_gmt":"2026-03-30T11:42:58","guid":{"rendered":"https:\/\/nbfengjietools.com\/?post_type=product&#038;p=4165"},"modified":"2026-03-30T11:42:58","modified_gmt":"2026-03-30T11:42:58","slug":"11pcs-hook-and-pick-kit","status":"publish","type":"product","link":"https:\/\/nbfengjietools.com\/es\/product\/11pcs-hook-and-pick-kit\/","title":{"rendered":"Kit de gancho y pico de 11 piezas"},"content":{"rendered":"<table style=\"border-collapse: collapse;width: 348.77pt\" border=\"0\" width=\"465\" cellspacing=\"0\" cellpadding=\"0\">\n<tbody>\n<tr style=\"height: 126.00pt\">\n<td class=\"et3\" style=\"height: 126.00pt;width: 348.75pt\" width=\"465\" height=\"168\">Aplicaci\u00f3n: Excavadora, Cargadora, Bulldozer, Dumper, Coche, etc<\/td>\n<\/tr>\n<\/tbody>\n<\/table>\n<table>\n<thead>\n<tr>\n<th>Art\u00edculo<\/th>\n<th>Especificaci\u00f3n<\/th>\n<\/tr>\n<\/thead>\n<tbody>\n<tr>\n<td>Material<\/td>\n<td>Acero al carbono + PP + TPR<\/td>\n<\/tr>\n<tr>\n<td>Peso<\/td>\n<td>1,015 kg (1015 g)<\/td>\n<\/tr>\n<tr>\n<td>Contenidos<\/td>\n<td>Mini gancho de 4 \u00d7<\/p>\n<div class=\"container-Uxvbjy md-box-line-break wrapper-GYqxgQ undefined\"><\/div>\n<p>Gancho 4\u00d7m\u00e1s largo<\/p>\n<div class=\"container-Uxvbjy md-box-line-break wrapper-GYqxgQ undefined\"><\/div>\n<p>1 \u00d7 raspador<\/p>\n<div class=\"container-Uxvbjy md-box-line-break wrapper-GYqxgQ undefined\"><\/div>\n<p>1 \u00d7 herramienta de captaci\u00f3n magn\u00e9tica con luz LED<\/p>\n<div class=\"container-Uxvbjy md-box-line-break wrapper-GYqxgQ undefined\"><\/div>\n<p>1 \u00d7 espejo de inspecci\u00f3n con luz LED<\/td>\n<\/tr>\n<\/tbody>\n<\/table>","protected":false},"excerpt":{"rendered":"<p>Application: Excavator, Loader, Bulldozer, Dump truck, Car, etc Item Specification Material Carbon steel + PP + TPR Weight 1.015 kg (1015 g) Contents 4 \u00d7 mini hook 4 \u00d7 longer hook 1 \u00d7 scraper 1 \u00d7 magnetic pick-up tool with LED light 1 \u00d7 inspection mirror with LED light<\/p>","protected":false},"featured_media":4168,"template":"","meta":[],"product_brand":[],"product_cat":[172],"product_tag":[214],"class_list":{"0":"post-4165","1":"product","2":"type-product","3":"status-publish","4":"has-post-thumbnail","6":"product_cat-pick-hook","7":"product_tag-fj05-021","9":"first","10":"instock","11":"shipping-taxable","12":"product-type-simple"},"_links":{"self":[{"href":"https:\/\/nbfengjietools.com\/es\/wp-json\/wp\/v2\/product\/4165","targetHints":{"allow":["GET"]}}],"collection":[{"href":"https:\/\/nbfengjietools.com\/es\/wp-json\/wp\/v2\/product"}],"about":[{"href":"https:\/\/nbfengjietools.com\/es\/wp-json\/wp\/v2\/types\/product"}],"wp:featuredmedia":[{"embeddable":true,"href":"https:\/\/nbfengjietools.com\/es\/wp-json\/wp\/v2\/media\/4168"}],"wp:attachment":[{"href":"https:\/\/nbfengjietools.com\/es\/wp-json\/wp\/v2\/media?parent=4165"}],"wp:term":[{"taxonomy":"product_brand","embeddable":true,"href":"https:\/\/nbfengjietools.com\/es\/wp-json\/wp\/v2\/product_brand?post=4165"},{"taxonomy":"product_cat","embeddable":true,"href":"https:\/\/nbfengjietools.com\/es\/wp-json\/wp\/v2\/product_cat?post=4165"},{"taxonomy":"product_tag","embeddable":true,"href":"https:\/\/nbfengjietools.com\/es\/wp-json\/wp\/v2\/product_tag?post=4165"}],"curies":[{"name":"wp","href":"https:\/\/api.w.org\/{rel}","templated":true}]}}