{"id":4281,"date":"2026-03-31T12:08:49","date_gmt":"2026-03-31T12:08:49","guid":{"rendered":"https:\/\/nbfengjietools.com\/?post_type=product&#038;p=4281"},"modified":"2026-03-31T12:09:51","modified_gmt":"2026-03-31T12:09:51","slug":"58pcs-screwdriver-set","status":"publish","type":"product","link":"https:\/\/nbfengjietools.com\/es\/product\/58pcs-screwdriver-set\/","title":{"rendered":"Juego de destornilladores de 58 piezas"},"content":{"rendered":"<table>\n<thead>\n<tr>\n<th>Art\u00edculo<\/th>\n<th>Details<\/th>\n<\/tr>\n<\/thead>\n<tbody>\n<tr>\n<td>10pcs Precision Screwdriver<\/td>\n<td>Flat: 2.4\u00d750mm, 3.0\u00d750mm<\/p>\n<div class=\"container-Uxvbjy md-box-line-break wrapper-GYqxgQ undefined\"><\/div>\n<p>Phillips: PH00\u00d750mm, PH0\u00d750mm<\/p>\n<div class=\"container-Uxvbjy md-box-line-break wrapper-GYqxgQ undefined\"><\/div>\n<p>T type: T5, T6, T7, T8, T9, T10 \u00d750mm<\/td>\n<\/tr>\n<tr>\n<td>7pcs Screwdriver<\/td>\n<td>Phillips: PH2\u00d738mm, PH1\u00d7100mm, PH2\u00d7150mm<\/p>\n<div class=\"container-Uxvbjy md-box-line-break wrapper-GYqxgQ undefined\"><\/div>\n<p>Flat: 6\u00d738mm, 5\u00d7100mm, 6\u00d7100mm<\/td>\n<\/tr>\n<tr>\n<td>Others<\/td>\n<td>1pc Insert Bit Driver<\/p>\n<div class=\"container-Uxvbjy md-box-line-break wrapper-GYqxgQ undefined\"><\/div>\n<p>40pcs 1\/4&#8243;\u00d725mm CR-V Bits<\/td>\n<\/tr>\n<\/tbody>\n<\/table>\n<table style=\"border-collapse: collapse;width: 354.02pt\" border=\"0\" width=\"472\" cellspacing=\"0\" cellpadding=\"0\">\n<tbody>\n<tr style=\"height: 136.00pt\">\n<td class=\"et3\" style=\"height: 136.00pt;width: 354.05pt\" width=\"472\" height=\"181\">Material: CR-V<\/td>\n<\/tr>\n<\/tbody>\n<\/table>","protected":false},"excerpt":{"rendered":"<p>Item Details 10pcs Precision Screwdriver Flat: 2.4\u00d750mm, 3.0\u00d750mm Phillips: PH00\u00d750mm, PH0\u00d750mm T type: T5, T6, T7, T8, T9, T10 \u00d750mm 7pcs Screwdriver Phillips: PH2\u00d738mm, PH1\u00d7100mm, PH2\u00d7150mm Flat: 6\u00d738mm, 5\u00d7100mm, 6\u00d7100mm Others 1pc Insert Bit Driver 40pcs 1\/4&#8243;\u00d725mm CR-V Bits Material: CR-V<\/p>","protected":false},"featured_media":4283,"template":"","meta":[],"product_brand":[],"product_cat":[77],"product_tag":[264],"class_list":{"0":"post-4281","1":"product","2":"type-product","3":"status-publish","4":"has-post-thumbnail","6":"product_cat-other-tool","7":"product_tag-fj05-s11","9":"first","10":"instock","11":"shipping-taxable","12":"product-type-simple"},"_links":{"self":[{"href":"https:\/\/nbfengjietools.com\/es\/wp-json\/wp\/v2\/product\/4281","targetHints":{"allow":["GET"]}}],"collection":[{"href":"https:\/\/nbfengjietools.com\/es\/wp-json\/wp\/v2\/product"}],"about":[{"href":"https:\/\/nbfengjietools.com\/es\/wp-json\/wp\/v2\/types\/product"}],"wp:featuredmedia":[{"embeddable":true,"href":"https:\/\/nbfengjietools.com\/es\/wp-json\/wp\/v2\/media\/4283"}],"wp:attachment":[{"href":"https:\/\/nbfengjietools.com\/es\/wp-json\/wp\/v2\/media?parent=4281"}],"wp:term":[{"taxonomy":"product_brand","embeddable":true,"href":"https:\/\/nbfengjietools.com\/es\/wp-json\/wp\/v2\/product_brand?post=4281"},{"taxonomy":"product_cat","embeddable":true,"href":"https:\/\/nbfengjietools.com\/es\/wp-json\/wp\/v2\/product_cat?post=4281"},{"taxonomy":"product_tag","embeddable":true,"href":"https:\/\/nbfengjietools.com\/es\/wp-json\/wp\/v2\/product_tag?post=4281"}],"curies":[{"name":"wp","href":"https:\/\/api.w.org\/{rel}","templated":true}]}}