{"id":4284,"date":"2026-03-31T12:14:34","date_gmt":"2026-03-31T12:14:34","guid":{"rendered":"https:\/\/nbfengjietools.com\/?post_type=product&#038;p=4284"},"modified":"2026-03-31T12:14:34","modified_gmt":"2026-03-31T12:14:34","slug":"16pcs-t-handle-ball-point-hex-star-driver-set","status":"publish","type":"product","link":"https:\/\/nbfengjietools.com\/es\/product\/16pcs-t-handle-ball-point-hex-star-driver-set\/","title":{"rendered":"Juego de controladores hexagonales y estelares con mango en T de 16 piezas"},"content":{"rendered":"<table>\n<thead>\n<tr>\n<th>Art\u00edculo<\/th>\n<th>Especificaci\u00f3n<\/th>\n<\/tr>\n<\/thead>\n<tbody>\n<tr>\n<td>8pcs ball point hex<\/td>\n<td>2\u00d775mm, 2.5\u00d775mm, 3\u00d7100mm, 4\u00d7100mm, 5\u00d7150mm, 6\u00d7150mm, 8\u00d7200mm, 10\u00d7200mm<\/td>\n<\/tr>\n<tr>\n<td>8pcs ball point hex (Torx)<\/td>\n<td>T10\u00d775mm, T15\u00d775mm, T20\u00d7100mm, T25\u00d7100mm, T30\u00d7150mm, T40\u00d7150mm, T45\u00d7200mm, T50\u00d7200mm<\/td>\n<\/tr>\n<\/tbody>\n<\/table>\n<table style=\"border-collapse: collapse;width: 354.02pt\" border=\"0\" width=\"472\" cellspacing=\"0\" cellpadding=\"0\">\n<tbody>\n<tr style=\"height: 112.00pt\">\n<td class=\"et3\" style=\"height: 112.00pt;width: 354.05pt\" width=\"472\" height=\"149\">Material: CR-V<\/td>\n<\/tr>\n<\/tbody>\n<\/table>","protected":false},"excerpt":{"rendered":"<p>Item Specification 8pcs ball point hex 2\u00d775mm, 2.5\u00d775mm, 3\u00d7100mm, 4\u00d7100mm, 5\u00d7150mm, 6\u00d7150mm, 8\u00d7200mm, 10\u00d7200mm 8pcs ball point hex (Torx) T10\u00d775mm, T15\u00d775mm, T20\u00d7100mm, T25\u00d7100mm, T30\u00d7150mm, T40\u00d7150mm, T45\u00d7200mm, T50\u00d7200mm Material: CR-V<\/p>","protected":false},"featured_media":4285,"template":"","meta":[],"product_brand":[],"product_cat":[77],"product_tag":[265],"class_list":{"0":"post-4284","1":"product","2":"type-product","3":"status-publish","4":"has-post-thumbnail","6":"product_cat-other-tool","7":"product_tag-fj05-s12","9":"first","10":"instock","11":"shipping-taxable","12":"product-type-simple"},"_links":{"self":[{"href":"https:\/\/nbfengjietools.com\/es\/wp-json\/wp\/v2\/product\/4284","targetHints":{"allow":["GET"]}}],"collection":[{"href":"https:\/\/nbfengjietools.com\/es\/wp-json\/wp\/v2\/product"}],"about":[{"href":"https:\/\/nbfengjietools.com\/es\/wp-json\/wp\/v2\/types\/product"}],"wp:featuredmedia":[{"embeddable":true,"href":"https:\/\/nbfengjietools.com\/es\/wp-json\/wp\/v2\/media\/4285"}],"wp:attachment":[{"href":"https:\/\/nbfengjietools.com\/es\/wp-json\/wp\/v2\/media?parent=4284"}],"wp:term":[{"taxonomy":"product_brand","embeddable":true,"href":"https:\/\/nbfengjietools.com\/es\/wp-json\/wp\/v2\/product_brand?post=4284"},{"taxonomy":"product_cat","embeddable":true,"href":"https:\/\/nbfengjietools.com\/es\/wp-json\/wp\/v2\/product_cat?post=4284"},{"taxonomy":"product_tag","embeddable":true,"href":"https:\/\/nbfengjietools.com\/es\/wp-json\/wp\/v2\/product_tag?post=4284"}],"curies":[{"name":"wp","href":"https:\/\/api.w.org\/{rel}","templated":true}]}}