{"id":4390,"date":"2026-04-01T13:51:08","date_gmt":"2026-04-01T13:51:08","guid":{"rendered":"https:\/\/nbfengjietools.com\/?post_type=product&#038;p=4390"},"modified":"2026-04-01T13:51:08","modified_gmt":"2026-04-01T13:51:08","slug":"2pcs-door-panel-and-plastic-fastener-removal-pry-tool-set","status":"publish","type":"product","link":"https:\/\/nbfengjietools.com\/es\/product\/2pcs-door-panel-and-plastic-fastener-removal-pry-tool-set\/","title":{"rendered":"Juego de herramientas de palanca para quitar sujetadores de pl\u00e1stico y paneles de puerta de 2 piezas"},"content":{"rendered":"<table style=\"border-collapse: collapse;width: 348.77pt\" border=\"0\" width=\"465\" cellspacing=\"0\" cellpadding=\"0\">\n<tbody>\n<tr style=\"height: 50.00pt\">\n<td class=\"et3\" style=\"height: 50.00pt;width: 348.75pt\" width=\"465\" height=\"66\">Herramientas especialmente dise\u00f1adas para quitar paneles de puertas, tapizados, clips y molduras sin da\u00f1ar los sujetadores o paneles de pl\u00e1stico.<\/td>\n<\/tr>\n<\/tbody>\n<\/table>\n<p>&nbsp;<\/p>\n<table>\n<thead>\n<tr>\n<th>Art\u00edculo<\/th>\n<th>Especificaci\u00f3n<\/th>\n<\/tr>\n<\/thead>\n<tbody>\n<tr>\n<td>Material<\/td>\n<td>Acero al carbono, PP<\/td>\n<\/tr>\n<tr>\n<td>Tama\u00f1o<\/td>\n<td>8\u00ae y 9\u00ab (200 mm y 225 mm)<\/td>\n<\/tr>\n<tr>\n<td>Peso<\/td>\n<td>239,5 g<\/td>\n<\/tr>\n<\/tbody>\n<\/table>","protected":false},"excerpt":{"rendered":"<p>Specially designed tools for removing door panels, upholstery,clips and trim without damaging the plastic fasteners or panels. &nbsp; Item Specification Material Carbon steel, PP Size 8&#8243; &amp; 9&#8243; (200 mm &amp; 225 mm) Weight 239.5 g<\/p>","protected":false},"featured_media":4391,"template":"","meta":[],"product_brand":[],"product_cat":[34],"product_tag":[313],"class_list":{"0":"post-4390","1":"product","2":"type-product","3":"status-publish","4":"has-post-thumbnail","6":"product_cat-interior-headlights-panel","7":"product_tag-fj01-003","9":"first","10":"instock","11":"shipping-taxable","12":"product-type-simple"},"_links":{"self":[{"href":"https:\/\/nbfengjietools.com\/es\/wp-json\/wp\/v2\/product\/4390","targetHints":{"allow":["GET"]}}],"collection":[{"href":"https:\/\/nbfengjietools.com\/es\/wp-json\/wp\/v2\/product"}],"about":[{"href":"https:\/\/nbfengjietools.com\/es\/wp-json\/wp\/v2\/types\/product"}],"wp:featuredmedia":[{"embeddable":true,"href":"https:\/\/nbfengjietools.com\/es\/wp-json\/wp\/v2\/media\/4391"}],"wp:attachment":[{"href":"https:\/\/nbfengjietools.com\/es\/wp-json\/wp\/v2\/media?parent=4390"}],"wp:term":[{"taxonomy":"product_brand","embeddable":true,"href":"https:\/\/nbfengjietools.com\/es\/wp-json\/wp\/v2\/product_brand?post=4390"},{"taxonomy":"product_cat","embeddable":true,"href":"https:\/\/nbfengjietools.com\/es\/wp-json\/wp\/v2\/product_cat?post=4390"},{"taxonomy":"product_tag","embeddable":true,"href":"https:\/\/nbfengjietools.com\/es\/wp-json\/wp\/v2\/product_tag?post=4390"}],"curies":[{"name":"wp","href":"https:\/\/api.w.org\/{rel}","templated":true}]}}