{"id":4392,"date":"2026-04-01T13:53:09","date_gmt":"2026-04-01T13:53:09","guid":{"rendered":"https:\/\/nbfengjietools.com\/?post_type=product&#038;p=4392"},"modified":"2026-04-01T13:53:09","modified_gmt":"2026-04-01T13:53:09","slug":"two-color-handle-single-trim-removal-tool","status":"publish","type":"product","link":"https:\/\/nbfengjietools.com\/es\/product\/two-color-handle-single-trim-removal-tool\/","title":{"rendered":"Mango de dos colores Herramienta de eliminaci\u00f3n de molduras individuales"},"content":{"rendered":"<table style=\"border-collapse: collapse;width: 348.77pt\" border=\"0\" width=\"465\" cellspacing=\"0\" cellpadding=\"0\">\n<tbody>\n<tr style=\"height: 71.00pt\">\n<td class=\"et3\" style=\"height: 71.00pt;width: 348.75pt\" width=\"465\" height=\"94\">Herramientas especialmente dise\u00f1adas para quitar paneles de puertas, tapizados, clips y molduras sin da\u00f1ar los sujetadores o paneles de pl\u00e1stico.<\/td>\n<\/tr>\n<\/tbody>\n<\/table>\n<p>&nbsp;<\/p>\n<table>\n<thead>\n<tr>\n<th>Art\u00edculo<\/th>\n<th>Especificaci\u00f3n<\/th>\n<\/tr>\n<\/thead>\n<tbody>\n<tr>\n<td>Tama\u00f1o<\/td>\n<td>24 cm<\/td>\n<\/tr>\n<tr>\n<td>Peso neto<\/td>\n<td>160 g<\/td>\n<\/tr>\n<tr>\n<td>Pole Diameter<\/td>\n<td>8 mm<\/td>\n<\/tr>\n<tr>\n<td>Material<\/td>\n<td>PP + TPR handle + 45# carbon steel<\/td>\n<\/tr>\n<tr>\n<td>Superficie<\/td>\n<td>Cromado<\/td>\n<\/tr>\n<\/tbody>\n<\/table>","protected":false},"excerpt":{"rendered":"<p>Specially designed tools for removing door panels, upholstery,clips and trim without damaging the plastic fasteners or panels. &nbsp; Item Specification Size 24 cm Net Weight 160 g Pole Diameter 8 mm Material PP + TPR handle + 45# carbon steel Surface Chrome plated<\/p>","protected":false},"featured_media":4393,"template":"","meta":[],"product_brand":[],"product_cat":[34],"product_tag":[314],"class_list":{"0":"post-4392","1":"product","2":"type-product","3":"status-publish","4":"has-post-thumbnail","6":"product_cat-interior-headlights-panel","7":"product_tag-fj01-0021","9":"first","10":"instock","11":"shipping-taxable","12":"product-type-simple"},"_links":{"self":[{"href":"https:\/\/nbfengjietools.com\/es\/wp-json\/wp\/v2\/product\/4392","targetHints":{"allow":["GET"]}}],"collection":[{"href":"https:\/\/nbfengjietools.com\/es\/wp-json\/wp\/v2\/product"}],"about":[{"href":"https:\/\/nbfengjietools.com\/es\/wp-json\/wp\/v2\/types\/product"}],"wp:featuredmedia":[{"embeddable":true,"href":"https:\/\/nbfengjietools.com\/es\/wp-json\/wp\/v2\/media\/4393"}],"wp:attachment":[{"href":"https:\/\/nbfengjietools.com\/es\/wp-json\/wp\/v2\/media?parent=4392"}],"wp:term":[{"taxonomy":"product_brand","embeddable":true,"href":"https:\/\/nbfengjietools.com\/es\/wp-json\/wp\/v2\/product_brand?post=4392"},{"taxonomy":"product_cat","embeddable":true,"href":"https:\/\/nbfengjietools.com\/es\/wp-json\/wp\/v2\/product_cat?post=4392"},{"taxonomy":"product_tag","embeddable":true,"href":"https:\/\/nbfengjietools.com\/es\/wp-json\/wp\/v2\/product_tag?post=4392"}],"curies":[{"name":"wp","href":"https:\/\/api.w.org\/{rel}","templated":true}]}}