{"id":4440,"date":"2026-04-01T14:36:32","date_gmt":"2026-04-01T14:36:32","guid":{"rendered":"https:\/\/nbfengjietools.com\/?post_type=product&#038;p=4440"},"modified":"2026-04-01T14:36:32","modified_gmt":"2026-04-01T14:36:32","slug":"4pcs-auto-door-clip-panel-trim-removal-tool-kits","status":"publish","type":"product","link":"https:\/\/nbfengjietools.com\/es\/product\/4pcs-auto-door-clip-panel-trim-removal-tool-kits\/","title":{"rendered":"Kits de herramientas para quitar molduras de paneles de clip de puerta autom\u00e1tica de 4 piezas"},"content":{"rendered":"<table width=\"465\">\n<tbody>\n<tr>\n<td width=\"465\">Funciona en molduras interiores y exteriores, quitabordes anchos, quitabordes estrechos, quitatorras, quitamangos y quitaclips de tapicer\u00eda.<\/td>\n<\/tr>\n<\/tbody>\n<\/table>\n<p>&nbsp;<\/p>\n<table>\n<thead>\n<tr>\n<th>Art\u00edculo<\/th>\n<th>Especificaci\u00f3n<\/th>\n<\/tr>\n<\/thead>\n<tbody>\n<tr>\n<td>Material<\/td>\n<td>POM<\/td>\n<\/tr>\n<tr>\n<td>Peso<\/td>\n<td>79,4 g<\/td>\n<\/tr>\n<\/tbody>\n<\/table>","protected":false},"excerpt":{"rendered":"<p>Funciona en molduras interiores y exteriores, quitabordes anchos, quitabordes estrechos, quitatorres, quitamangos y quitaclips de tapicer\u00eda. Especificaci\u00f3n del art\u00edculo Material POM Peso 79,4 g<\/p>","protected":false},"featured_media":4441,"template":"","meta":[],"product_brand":[],"product_cat":[34],"product_tag":[338],"class_list":{"0":"post-4440","1":"product","2":"type-product","3":"status-publish","4":"has-post-thumbnail","6":"product_cat-interior-headlights-panel","7":"product_tag-fj01-036","9":"first","10":"instock","11":"shipping-taxable","12":"product-type-simple"},"_links":{"self":[{"href":"https:\/\/nbfengjietools.com\/es\/wp-json\/wp\/v2\/product\/4440","targetHints":{"allow":["GET"]}}],"collection":[{"href":"https:\/\/nbfengjietools.com\/es\/wp-json\/wp\/v2\/product"}],"about":[{"href":"https:\/\/nbfengjietools.com\/es\/wp-json\/wp\/v2\/types\/product"}],"wp:featuredmedia":[{"embeddable":true,"href":"https:\/\/nbfengjietools.com\/es\/wp-json\/wp\/v2\/media\/4441"}],"wp:attachment":[{"href":"https:\/\/nbfengjietools.com\/es\/wp-json\/wp\/v2\/media?parent=4440"}],"wp:term":[{"taxonomy":"product_brand","embeddable":true,"href":"https:\/\/nbfengjietools.com\/es\/wp-json\/wp\/v2\/product_brand?post=4440"},{"taxonomy":"product_cat","embeddable":true,"href":"https:\/\/nbfengjietools.com\/es\/wp-json\/wp\/v2\/product_cat?post=4440"},{"taxonomy":"product_tag","embeddable":true,"href":"https:\/\/nbfengjietools.com\/es\/wp-json\/wp\/v2\/product_tag?post=4440"}],"curies":[{"name":"wp","href":"https:\/\/api.w.org\/{rel}","templated":true}]}}