{"id":4575,"date":"2026-04-01T16:46:36","date_gmt":"2026-04-01T16:46:36","guid":{"rendered":"https:\/\/nbfengjietools.com\/?post_type=product&#038;p=4575"},"modified":"2026-04-01T16:46:36","modified_gmt":"2026-04-01T16:46:36","slug":"valve-spring-compressor-2","status":"publish","type":"product","link":"https:\/\/nbfengjietools.com\/es\/product\/valve-spring-compressor-2\/","title":{"rendered":"Compresor de resorte de v\u00e1lvula"},"content":{"rendered":"<table style=\"border-collapse: collapse;width: 348.77pt\" border=\"0\" width=\"465\" cellspacing=\"0\" cellpadding=\"0\">\n<tbody>\n<tr style=\"height: 125.00pt\">\n<td class=\"et3\" style=\"height: 125.00pt;width: 348.75pt\" width=\"465\" height=\"166\">Contenido:<br \/>\nAdaptador de accionamiento de 5*: 16mm,19mm,23mm,25mm y 30mm.<br \/>\nTornillo de presi\u00f3n larga de 3 *: 70 mm, 110 mm, 120 mm<br \/>\n1 abrazadera * \u201cC\u201d.<br \/>\nDise\u00f1ado espec\u00edficamente para aplicaciones de motores de motocicletas peque\u00f1as. Viene con cinco adaptadores de compresor de resorte y dos postes (con una longitud de rosca de 70 mm y 90 mm).<br \/>\nEmpujador de 5 * para montar correctamente el resorte de la v\u00e1lvula y comprimir m\u00e1s f\u00e1cilmente el resorte de la v\u00e1lvula.<\/td>\n<\/tr>\n<\/tbody>\n<\/table>\n<table>\n<thead>\n<tr>\n<th>Art\u00edculo<\/th>\n<th>Especificaci\u00f3n<\/th>\n<\/tr>\n<\/thead>\n<tbody>\n<tr>\n<td>Material<\/td>\n<td>Acero al carbono<\/td>\n<\/tr>\n<tr>\n<td>Max Jaw Opening<\/td>\n<td>9-1\/2&#8243;<\/td>\n<\/tr>\n<tr>\n<td>Peso<\/td>\n<td>1.16 kg<\/td>\n<\/tr>\n<\/tbody>\n<\/table>","protected":false},"excerpt":{"rendered":"<p>Contents: 5 * driving adaptor: 16mm,19mm,23mm,25mm and 30mm. 3 * long pressure screw: 70mm,110mm, 120mm 1 * &#8220;C&#8221; clamp. Designed specifically for small motorcycle engine applications. Comes with five spring compressor adapters and two posts (with thread length 70mm and 90mm). 5 * pusher for fitting the valve spring correctly and easier to compress the [&hellip;]<\/p>\n","protected":false},"featured_media":4576,"template":"","meta":[],"product_brand":[],"product_cat":[40],"product_tag":[403],"class_list":{"0":"post-4575","1":"product","2":"type-product","3":"status-publish","4":"has-post-thumbnail","6":"product_cat-engine-tools","7":"product_tag-fj02-s03","9":"first","10":"instock","11":"shipping-taxable","12":"product-type-simple"},"_links":{"self":[{"href":"https:\/\/nbfengjietools.com\/es\/wp-json\/wp\/v2\/product\/4575","targetHints":{"allow":["GET"]}}],"collection":[{"href":"https:\/\/nbfengjietools.com\/es\/wp-json\/wp\/v2\/product"}],"about":[{"href":"https:\/\/nbfengjietools.com\/es\/wp-json\/wp\/v2\/types\/product"}],"wp:featuredmedia":[{"embeddable":true,"href":"https:\/\/nbfengjietools.com\/es\/wp-json\/wp\/v2\/media\/4576"}],"wp:attachment":[{"href":"https:\/\/nbfengjietools.com\/es\/wp-json\/wp\/v2\/media?parent=4575"}],"wp:term":[{"taxonomy":"product_brand","embeddable":true,"href":"https:\/\/nbfengjietools.com\/es\/wp-json\/wp\/v2\/product_brand?post=4575"},{"taxonomy":"product_cat","embeddable":true,"href":"https:\/\/nbfengjietools.com\/es\/wp-json\/wp\/v2\/product_cat?post=4575"},{"taxonomy":"product_tag","embeddable":true,"href":"https:\/\/nbfengjietools.com\/es\/wp-json\/wp\/v2\/product_tag?post=4575"}],"curies":[{"name":"wp","href":"https:\/\/api.w.org\/{rel}","templated":true}]}}