{"id":4577,"date":"2026-04-01T16:47:33","date_gmt":"2026-04-01T16:47:33","guid":{"rendered":"https:\/\/nbfengjietools.com\/?post_type=product&#038;p=4577"},"modified":"2026-04-24T06:38:50","modified_gmt":"2026-04-24T06:38:50","slug":"15pcs-piston-ring-compressor-set","status":"publish","type":"product","link":"https:\/\/nbfengjietools.com\/es\/product\/15pcs-piston-ring-compressor-set\/","title":{"rendered":"Juego de compresores de anillo de pist\u00f3n de 15 piezas"},"content":{"rendered":"<table width=\"341\">\n<tbody>\n<tr>\n<td width=\"341\">\n<h2>Juego de compresores de anillo de pist\u00f3n de 15 piezas<\/h2>\n<\/td>\n<\/tr>\n<\/tbody>\n<\/table>\n<p>&nbsp;<\/p>\n<table width=\"429\">\n<tbody>\n<tr>\n<td width=\"429\">Incluye 14 tama\u00f1os de bandas para m\u00faltiples aplicaciones. Tama\u00f1o del di\u00e1metro de la banda: 62-140 mm, peso neto: 1453 g<\/td>\n<\/tr>\n<\/tbody>\n<\/table>","protected":false},"excerpt":{"rendered":"<p>15pcs Piston Ring Compressor Set &nbsp; Includs 14 size of bands for multiple applications. Band Diameter size: 62-140mm, Net weight: 1453g<\/p>","protected":false},"featured_media":4578,"template":"","meta":[],"product_brand":[],"product_cat":[40],"product_tag":[404],"class_list":{"0":"post-4577","1":"product","2":"type-product","3":"status-publish","4":"has-post-thumbnail","6":"product_cat-engine-tools","7":"product_tag-fj02-s05","9":"first","10":"instock","11":"shipping-taxable","12":"product-type-simple"},"_links":{"self":[{"href":"https:\/\/nbfengjietools.com\/es\/wp-json\/wp\/v2\/product\/4577","targetHints":{"allow":["GET"]}}],"collection":[{"href":"https:\/\/nbfengjietools.com\/es\/wp-json\/wp\/v2\/product"}],"about":[{"href":"https:\/\/nbfengjietools.com\/es\/wp-json\/wp\/v2\/types\/product"}],"wp:featuredmedia":[{"embeddable":true,"href":"https:\/\/nbfengjietools.com\/es\/wp-json\/wp\/v2\/media\/4578"}],"wp:attachment":[{"href":"https:\/\/nbfengjietools.com\/es\/wp-json\/wp\/v2\/media?parent=4577"}],"wp:term":[{"taxonomy":"product_brand","embeddable":true,"href":"https:\/\/nbfengjietools.com\/es\/wp-json\/wp\/v2\/product_brand?post=4577"},{"taxonomy":"product_cat","embeddable":true,"href":"https:\/\/nbfengjietools.com\/es\/wp-json\/wp\/v2\/product_cat?post=4577"},{"taxonomy":"product_tag","embeddable":true,"href":"https:\/\/nbfengjietools.com\/es\/wp-json\/wp\/v2\/product_tag?post=4577"}],"curies":[{"name":"wp","href":"https:\/\/api.w.org\/{rel}","templated":true}]}}