{"id":4700,"date":"2026-04-01T18:18:57","date_gmt":"2026-04-01T18:18:57","guid":{"rendered":"https:\/\/nbfengjietools.com\/?post_type=product&#038;p=4700"},"modified":"2026-04-01T18:18:57","modified_gmt":"2026-04-01T18:18:57","slug":"automotive-circuit-tester-4","status":"publish","type":"product","link":"https:\/\/nbfengjietools.com\/es\/product\/automotive-circuit-tester-4\/","title":{"rendered":"Probador de circuitos automotrices"},"content":{"rendered":"<table width=\"341\">\n<tbody>\n<tr>\n<td width=\"341\">Probador de circuitos automotrices<\/td>\n<\/tr>\n<\/tbody>\n<\/table>\n<table>\n<thead>\n<tr>\n<th>Art\u00edculo<\/th>\n<th>Especificaci\u00f3n<\/th>\n<\/tr>\n<\/thead>\n<tbody>\n<tr>\n<td>Voltio<\/td>\n<td>6-12 V<\/td>\n<\/tr>\n<tr>\n<td>Material del mango<\/td>\n<td>COMO + PP<\/td>\n<\/tr>\n<tr>\n<td>Sonda<\/td>\n<td>Acero A3<\/td>\n<\/tr>\n<tr>\n<td>Longitud del cable<\/td>\n<td>0,75 m<\/td>\n<\/tr>\n<tr>\n<td>Material del alambre<\/td>\n<td>PVC<\/td>\n<\/tr>\n<tr>\n<td>Di\u00e1metro del alambre<\/td>\n<td>1,8 mm<\/td>\n<\/tr>\n<tr>\n<td>Calibre de alambre<\/td>\n<td>16\u00d70,1 mm<\/td>\n<\/tr>\n<\/tbody>\n<\/table>","protected":false},"excerpt":{"rendered":"<p>Probador de circuitos automotrices Art\u00edculo Especificaci\u00f3n Voltio 6-12 V Material del mango AS + sonda de PP A3 Longitud del cable de acero 0,75 m Material del cable PVC Di\u00e1metro del cable 1,8 mm Calibre del cable 16\u00d70,1 mm<\/p>","protected":false},"featured_media":4701,"template":"","meta":[],"product_brand":[],"product_cat":[49],"product_tag":[51],"class_list":{"0":"post-4700","1":"product","2":"type-product","3":"status-publish","4":"has-post-thumbnail","6":"product_cat-testing-tool","7":"product_tag-fj06-0321","9":"first","10":"instock","11":"shipping-taxable","12":"product-type-simple"},"_links":{"self":[{"href":"https:\/\/nbfengjietools.com\/es\/wp-json\/wp\/v2\/product\/4700","targetHints":{"allow":["GET"]}}],"collection":[{"href":"https:\/\/nbfengjietools.com\/es\/wp-json\/wp\/v2\/product"}],"about":[{"href":"https:\/\/nbfengjietools.com\/es\/wp-json\/wp\/v2\/types\/product"}],"wp:featuredmedia":[{"embeddable":true,"href":"https:\/\/nbfengjietools.com\/es\/wp-json\/wp\/v2\/media\/4701"}],"wp:attachment":[{"href":"https:\/\/nbfengjietools.com\/es\/wp-json\/wp\/v2\/media?parent=4700"}],"wp:term":[{"taxonomy":"product_brand","embeddable":true,"href":"https:\/\/nbfengjietools.com\/es\/wp-json\/wp\/v2\/product_brand?post=4700"},{"taxonomy":"product_cat","embeddable":true,"href":"https:\/\/nbfengjietools.com\/es\/wp-json\/wp\/v2\/product_cat?post=4700"},{"taxonomy":"product_tag","embeddable":true,"href":"https:\/\/nbfengjietools.com\/es\/wp-json\/wp\/v2\/product_tag?post=4700"}],"curies":[{"name":"wp","href":"https:\/\/api.w.org\/{rel}","templated":true}]}}