{"id":4713,"date":"2026-04-01T18:30:32","date_gmt":"2026-04-01T18:30:32","guid":{"rendered":"https:\/\/nbfengjietools.com\/?post_type=product&#038;p=4713"},"modified":"2026-04-01T18:30:32","modified_gmt":"2026-04-01T18:30:32","slug":"tu-443-enigne-fuel-system-oil-pressure-tester","status":"publish","type":"product","link":"https:\/\/nbfengjietools.com\/es\/product\/tu-443-enigne-fuel-system-oil-pressure-tester\/","title":{"rendered":"Probador de presi\u00f3n de aceite del sistema de combustible TU-443 Enigne"},"content":{"rendered":"<table style=\"border-collapse: collapse;width: 255.78pt\" border=\"0\" width=\"341\" cellspacing=\"0\" cellpadding=\"0\">\n<tbody>\n<tr style=\"height: 135.00pt\">\n<td class=\"et3\" style=\"height: 135.00pt;width: 255.75pt\" width=\"341\" height=\"180\">Probador de presi\u00f3n de aceite del sistema de combustible TU-443 Enigne<\/td>\n<\/tr>\n<\/tbody>\n<\/table>\n<table>\n<thead>\n<tr>\n<th>Art\u00edculo<\/th>\n<th>Especificaci\u00f3n<\/th>\n<\/tr>\n<\/thead>\n<tbody>\n<tr>\n<td>Pantalla digital<\/td>\n<td>0-140 PSI \/ 0-10 bar<\/td>\n<\/tr>\n<tr>\n<td>Aplicaci\u00f3n<\/td>\n<td>Para la mayor\u00eda de los autom\u00f3viles, camiones, autobuses, motores agr\u00edcolas y de barcos modernos; apto para veh\u00edculos de gasolina y di\u00e9sel<\/td>\n<\/tr>\n<tr>\n<td>Material<\/td>\n<td>Aleaci\u00f3n de alta calidad, alta dureza, tratada superficial, antioxidante y anticorrosi\u00f3n<\/td>\n<\/tr>\n<tr>\n<td>Pantalla<\/td>\n<td>Man\u00f3metro de presi\u00f3n de combustible de precisi\u00f3n de 3,5 pulgadas<\/td>\n<\/tr>\n<\/tbody>\n<\/table>","protected":false},"excerpt":{"rendered":"<p>TU-443 Probador de presi\u00f3n de aceite del sistema de combustible Enigne Especificaci\u00f3n de art\u00edculo Pantalla digital 0-140 PSI \/ 0-10 bar Aplicaci\u00f3n Para la mayor\u00eda de los autom\u00f3viles, camiones, autobuses, motores agr\u00edcolas y de barcos modernos; adecuado para veh\u00edculos de gasolina y di\u00e9sel Material Aleaci\u00f3n de alta calidad, alta dureza, tratamiento superficial, pantalla antioxidante y anticorrosi\u00f3n Man\u00f3metro de combustible de precisi\u00f3n de 3,5 pulgadas<\/p>","protected":false},"featured_media":4714,"template":"","meta":[],"product_brand":[],"product_cat":[49],"product_tag":[483],"class_list":{"0":"post-4713","1":"product","2":"type-product","3":"status-publish","4":"has-post-thumbnail","6":"product_cat-testing-tool","7":"product_tag-fjeg-s11","9":"first","10":"instock","11":"shipping-taxable","12":"product-type-simple"},"_links":{"self":[{"href":"https:\/\/nbfengjietools.com\/es\/wp-json\/wp\/v2\/product\/4713","targetHints":{"allow":["GET"]}}],"collection":[{"href":"https:\/\/nbfengjietools.com\/es\/wp-json\/wp\/v2\/product"}],"about":[{"href":"https:\/\/nbfengjietools.com\/es\/wp-json\/wp\/v2\/types\/product"}],"wp:featuredmedia":[{"embeddable":true,"href":"https:\/\/nbfengjietools.com\/es\/wp-json\/wp\/v2\/media\/4714"}],"wp:attachment":[{"href":"https:\/\/nbfengjietools.com\/es\/wp-json\/wp\/v2\/media?parent=4713"}],"wp:term":[{"taxonomy":"product_brand","embeddable":true,"href":"https:\/\/nbfengjietools.com\/es\/wp-json\/wp\/v2\/product_brand?post=4713"},{"taxonomy":"product_cat","embeddable":true,"href":"https:\/\/nbfengjietools.com\/es\/wp-json\/wp\/v2\/product_cat?post=4713"},{"taxonomy":"product_tag","embeddable":true,"href":"https:\/\/nbfengjietools.com\/es\/wp-json\/wp\/v2\/product_tag?post=4713"}],"curies":[{"name":"wp","href":"https:\/\/api.w.org\/{rel}","templated":true}]}}