{"id":4717,"date":"2026-04-01T18:35:58","date_gmt":"2026-04-01T18:35:58","guid":{"rendered":"https:\/\/nbfengjietools.com\/?post_type=product&#038;p=4717"},"modified":"2026-04-01T18:35:58","modified_gmt":"2026-04-01T18:35:58","slug":"28pcs-universal-radiator-pressure-tester-kit-cooling-pressure-tester-vacuum-type-cooling-system-tool-kit","status":"publish","type":"product","link":"https:\/\/nbfengjietools.com\/es\/product\/28pcs-universal-radiator-pressure-tester-kit-cooling-pressure-tester-vacuum-type-cooling-system-tool-kit\/","title":{"rendered":"Kit de probador de presi\u00f3n de radiador universal de 28 piezas\/kit de herramientas del sistema de enfriamiento tipo vac\u00edo de probador de presi\u00f3n de enfriamiento"},"content":{"rendered":"<table style=\"border-collapse: collapse;width: 255.78pt\" border=\"0\" width=\"341\" cellspacing=\"0\" cellpadding=\"0\">\n<tbody>\n<tr style=\"height: 151.00pt\">\n<td class=\"et3\" style=\"height: 151.00pt;width: 255.75pt\" width=\"341\" height=\"201\">Kit de probador de presi\u00f3n de radiador universal de 28 piezas\/kit de herramientas del sistema de enfriamiento tipo vac\u00edo de probador de presi\u00f3n de enfriamiento<\/td>\n<\/tr>\n<\/tbody>\n<\/table>\n<table>\n<thead>\n<tr>\n<th>Art\u00edculo<\/th>\n<th>Especificaci\u00f3n<\/th>\n<\/tr>\n<\/thead>\n<tbody>\n<tr>\n<td>Contenidos<\/td>\n<td>1 \u00d7 Bomba de prueba de presi\u00f3n con manguera<\/p>\n<div class=\"container-Uxvbjy md-box-line-break wrapper-GYqxgQ undefined\"><\/div>\n<p>21 \u00d7 Tapas de prueba (para la mayor\u00eda de los sistemas de refrigeraci\u00f3n de veh\u00edculos nacionales e importados)<\/p>\n<div class=\"container-Uxvbjy md-box-line-break wrapper-GYqxgQ undefined\"><\/div>\n<p>1 \u00d7 Kit de herramientas de purga y recarga para sistema de refrigeraci\u00f3n tipo vac\u00edo<\/p>\n<div class=\"container-Uxvbjy md-box-line-break wrapper-GYqxgQ undefined\"><\/div>\n<p>1 \u00d7 V\u00e1lvula de alivio<\/p>\n<div class=\"container-Uxvbjy md-box-line-break wrapper-GYqxgQ undefined\"><\/div>\n<p>1 \u00d7 Desconexi\u00f3n r\u00e1pida<\/p>\n<div class=\"container-Uxvbjy md-box-line-break wrapper-GYqxgQ undefined\"><\/div>\n<p>Medidor de vac\u00edo de 1 \u00d7<\/p>\n<div class=\"container-Uxvbjy md-box-line-break wrapper-GYqxgQ undefined\"><\/div>\n<p>1 \u00d7 Adaptador Universal<\/p>\n<div class=\"container-Uxvbjy md-box-line-break wrapper-GYqxgQ undefined\"><\/div>\n<p>1 \u00d7 Medidor de temperatura<\/td>\n<\/tr>\n<\/tbody>\n<\/table>","protected":false},"excerpt":{"rendered":"<p>28PCS Universal Radiator Pressure Tester Kit\/Cooling Pressure Tester Vacuum Type Cooling System Tool Kit Item Specification Contents 1 \u00d7 Pressure Testing Pump with Hose 21 \u00d7 Test Caps (for most domestic &amp; import vehicles cooling systems) 1 \u00d7 Vacuum Type Cooling System Purge and Refill Tool Kit 1 \u00d7 Relief Valve 1 \u00d7 Quick Disconnect [&hellip;]<\/p>\n","protected":false},"featured_media":4718,"template":"","meta":[],"product_brand":[],"product_cat":[49],"product_tag":[485],"class_list":{"0":"post-4717","1":"product","2":"type-product","3":"status-publish","4":"has-post-thumbnail","6":"product_cat-testing-tool","7":"product_tag-fj06-s17","9":"first","10":"instock","11":"shipping-taxable","12":"product-type-simple"},"_links":{"self":[{"href":"https:\/\/nbfengjietools.com\/es\/wp-json\/wp\/v2\/product\/4717","targetHints":{"allow":["GET"]}}],"collection":[{"href":"https:\/\/nbfengjietools.com\/es\/wp-json\/wp\/v2\/product"}],"about":[{"href":"https:\/\/nbfengjietools.com\/es\/wp-json\/wp\/v2\/types\/product"}],"wp:featuredmedia":[{"embeddable":true,"href":"https:\/\/nbfengjietools.com\/es\/wp-json\/wp\/v2\/media\/4718"}],"wp:attachment":[{"href":"https:\/\/nbfengjietools.com\/es\/wp-json\/wp\/v2\/media?parent=4717"}],"wp:term":[{"taxonomy":"product_brand","embeddable":true,"href":"https:\/\/nbfengjietools.com\/es\/wp-json\/wp\/v2\/product_brand?post=4717"},{"taxonomy":"product_cat","embeddable":true,"href":"https:\/\/nbfengjietools.com\/es\/wp-json\/wp\/v2\/product_cat?post=4717"},{"taxonomy":"product_tag","embeddable":true,"href":"https:\/\/nbfengjietools.com\/es\/wp-json\/wp\/v2\/product_tag?post=4717"}],"curies":[{"name":"wp","href":"https:\/\/api.w.org\/{rel}","templated":true}]}}