{"id":4739,"date":"2026-04-01T18:55:28","date_gmt":"2026-04-01T18:55:28","guid":{"rendered":"https:\/\/nbfengjietools.com\/?post_type=product&#038;p=4739"},"modified":"2026-04-24T08:35:45","modified_gmt":"2026-04-24T08:35:45","slug":"bearing-separator-puller","status":"publish","type":"product","link":"https:\/\/nbfengjietools.com\/es\/product\/bearing-separator-puller\/","title":{"rendered":"Extractor separador de rodamientos"},"content":{"rendered":"<h2>Extractor separador de rodamientos<\/h2>\n<h3>Caracter\u00edsticas<\/h3>\n<div><\/div>\n<ul>\n<li><strong>Wide Application<\/strong>: 5-ton capacity, suitable for most cars, ATVs, and light trucks.<\/li>\n<\/ul>\n<div><\/div>\n<h3>El paquete incluye<\/h3>\n<div><\/div>\n<ul>\n<li>1 \u00d7 Ball Joint Press (C-clamp)<\/li>\n<li>1 \u00d7 Jackscrew (Forcing C-screw)<\/li>\n<\/ul>\n<div><\/div>\n<h3>Accesorios<\/h3>\n<div><\/div>\n<ul>\n<li>Receiving Tube #1: 2.25&#8243;L \u00d7 2.72&#8243;ID \u00d7 3&#8243;OD<\/li>\n<li>Receiving Tube #2: 1.75&#8243; \u00d7 2.25&#8243; \u00d7 2.5&#8243;<\/li>\n<li>Receiving Tube #3: 1.75&#8243; \u00d7 1.75&#8243; \u00d7 2&#8243;<\/li>\n<li>Install Adapter: 1.12&#8243; \u00d7 0.94&#8243; \u00d7 3&#8243;<\/li>\n<li>Remove Adapter: 1.14&#8243; \u00d7 0.5&#8243; \u00d7 3&#8243;<\/li>\n<li>Installing Cup: 3.67&#8243; \u00d7 1.75&#8243; \u00d7 2&#8243;<\/li>\n<li>Receiving Cup: 2.5&#8243; \u00d7 2&#8243; \u00d7 2.25&#8243;<\/li>\n<li>Install Cup Adapter: 0.84&#8243; \u00d7 1.87&#8243; \u00d7 2.25&#8243;<\/li>\n<\/ul>","protected":false},"excerpt":{"rendered":"<p>Bearing Separator Puller Features Wide Application: 5-ton capacity, suitable for most cars, ATVs, and light trucks. Package Includes 1 \u00d7 Ball Joint Press (C-clamp) 1 \u00d7 Jackscrew (Forcing C-screw) Accessories Receiving Tube #1: 2.25&#8243;L \u00d7 2.72&#8243;ID \u00d7 3&#8243;OD Receiving Tube #2: 1.75&#8243; \u00d7 2.25&#8243; \u00d7 2.5&#8243; Receiving Tube #3: 1.75&#8243; \u00d7 1.75&#8243; \u00d7 2&#8243; Install [&hellip;]<\/p>\n","protected":false},"featured_media":4740,"template":"","meta":[],"product_brand":[],"product_cat":[52],"product_tag":[496],"class_list":{"0":"post-4739","1":"product","2":"type-product","3":"status-publish","4":"has-post-thumbnail","6":"product_cat-bearing-bushing-tool","7":"product_tag-fjats-056","9":"first","10":"instock","11":"shipping-taxable","12":"product-type-simple"},"_links":{"self":[{"href":"https:\/\/nbfengjietools.com\/es\/wp-json\/wp\/v2\/product\/4739","targetHints":{"allow":["GET"]}}],"collection":[{"href":"https:\/\/nbfengjietools.com\/es\/wp-json\/wp\/v2\/product"}],"about":[{"href":"https:\/\/nbfengjietools.com\/es\/wp-json\/wp\/v2\/types\/product"}],"wp:featuredmedia":[{"embeddable":true,"href":"https:\/\/nbfengjietools.com\/es\/wp-json\/wp\/v2\/media\/4740"}],"wp:attachment":[{"href":"https:\/\/nbfengjietools.com\/es\/wp-json\/wp\/v2\/media?parent=4739"}],"wp:term":[{"taxonomy":"product_brand","embeddable":true,"href":"https:\/\/nbfengjietools.com\/es\/wp-json\/wp\/v2\/product_brand?post=4739"},{"taxonomy":"product_cat","embeddable":true,"href":"https:\/\/nbfengjietools.com\/es\/wp-json\/wp\/v2\/product_cat?post=4739"},{"taxonomy":"product_tag","embeddable":true,"href":"https:\/\/nbfengjietools.com\/es\/wp-json\/wp\/v2\/product_tag?post=4739"}],"curies":[{"name":"wp","href":"https:\/\/api.w.org\/{rel}","templated":true}]}}