{"id":551,"date":"2026-02-13T07:02:38","date_gmt":"2026-02-13T07:02:38","guid":{"rendered":"https:\/\/nbfengjietools.com\/?post_type=product&#038;p=551"},"modified":"2026-02-13T07:07:01","modified_gmt":"2026-02-13T07:07:01","slug":"4pcs-mini-pick-and-hook-set","status":"publish","type":"product","link":"https:\/\/nbfengjietools.com\/es\/product\/4pcs-mini-pick-and-hook-set\/","title":{"rendered":"Juego de mini p\u00faas y ganchos de 4 piezas"},"content":{"rendered":"<p>Ideal para usar en llaves de chaveta, juntas t\u00f3ricas, resortes, anillos el\u00e1sticos y arandelas.<\/p>\n<table class=\"spec-responsive-table\">\n<tbody>\n<tr>\n<th>Material<\/th>\n<td>Mango de acero al carbono y PP 45#<\/td>\n<\/tr>\n<tr>\n<th>Peso<\/th>\n<td>72 g<\/td>\n<\/tr>\n<tr>\n<th>Contenidos<\/th>\n<td>\u2022 1 pieza de gancho recto<br \/>\n\u2022 1 ud Gancho 90\u00b0<br \/>\n\u2022 1 unidad de gancho completo<br \/>\n\u2022 1 unidad de gancho compensado de 45\u00b0<\/td>\n<\/tr>\n<\/tbody>\n<\/table>\n<p>&nbsp;<\/p>","protected":false},"excerpt":{"rendered":"<p>Ideal for use on cotter keys, O-ring, Springs, Snap rings, and washers. Material 45# Carbon Steel and PP Handle Weight 72 g Contents \u2022 1 pc Straight Hook \u2022 1 pc 90\u00b0 Hook \u2022 1 pc Full Hook \u2022 1 pc Offset 45\u00b0 Hook &nbsp;<\/p>","protected":false},"featured_media":552,"template":"","meta":[],"product_brand":[],"product_cat":[64],"product_tag":[72],"class_list":{"0":"post-551","1":"product","2":"type-product","3":"status-publish","4":"has-post-thumbnail","6":"product_cat-hand-tools","7":"product_tag-fj05-001","9":"first","10":"instock","11":"shipping-taxable","12":"product-type-simple"},"_links":{"self":[{"href":"https:\/\/nbfengjietools.com\/es\/wp-json\/wp\/v2\/product\/551","targetHints":{"allow":["GET"]}}],"collection":[{"href":"https:\/\/nbfengjietools.com\/es\/wp-json\/wp\/v2\/product"}],"about":[{"href":"https:\/\/nbfengjietools.com\/es\/wp-json\/wp\/v2\/types\/product"}],"wp:featuredmedia":[{"embeddable":true,"href":"https:\/\/nbfengjietools.com\/es\/wp-json\/wp\/v2\/media\/552"}],"wp:attachment":[{"href":"https:\/\/nbfengjietools.com\/es\/wp-json\/wp\/v2\/media?parent=551"}],"wp:term":[{"taxonomy":"product_brand","embeddable":true,"href":"https:\/\/nbfengjietools.com\/es\/wp-json\/wp\/v2\/product_brand?post=551"},{"taxonomy":"product_cat","embeddable":true,"href":"https:\/\/nbfengjietools.com\/es\/wp-json\/wp\/v2\/product_cat?post=551"},{"taxonomy":"product_tag","embeddable":true,"href":"https:\/\/nbfengjietools.com\/es\/wp-json\/wp\/v2\/product_tag?post=551"}],"curies":[{"name":"wp","href":"https:\/\/api.w.org\/{rel}","templated":true}]}}